{"id":37,"date":"2008-01-24T12:17:00","date_gmt":"2008-01-24T10:17:00","guid":{"rendered":"http:\/\/www.hulifer.net\/paku\/blogi\/?page_id=37"},"modified":"2025-02-09T17:57:44","modified_gmt":"2025-02-09T15:57:44","slug":"manuals","status":"publish","type":"page","link":"https:\/\/www.hulifer.net\/paku\/blogi\/?page_id=37","title":{"rendered":"Manuals"},"content":{"rendered":"\n<p>Netist\u00e4 l\u00f6ydetty\u00e4 ja skannerin sylkem\u00e4\u00e4. Osa l\u00f6ytynyt linkkisivuston kautta, osa ties mist\u00e4.<br>Kiitokset kuuluu\u00a0kaikille dokujen tekij\u00f6ille, jakajille &amp; ker\u00e4\u00e4jille mm.\u00a0Catsille, 2CV Stuffille jne. Maa vaan diilaan!<br><br><strong>OBS! Materiaalit siirretty toisaalle, tiedustelut toppok\u00c4Thulifer.net.<\/strong><\/p>\n\n\n\n<p><strong>CITROEN 2C &amp; Derivates<\/strong><\/p>\n\n\n\n<p><strong>ENGINE<\/strong><br>Mallit, halkaiskuvat, technisshe scheisse<br>Huolto, overhaul, rebuild<\/p>\n\n\n\n<p><strong>GEARBOX, CLUTCH\u00a0&amp; TRANSVESTIT<\/strong><br>Mallit, halkaisukuvat, technisssssshe scheisse<br>Huolto, overhaul<\/p>\n\n\n\n<p><strong>MODELS<\/strong><br>VAN -models<br>AMI -models<br>2CV -models<br>Dyane -models<br>Visa, LN -divers<\/p>\n\n\n\n<p><strong>2CV HUOLTO ELI OVERHAUL<\/strong><br>Perushuoltoa, aikataulut\u2026<br>Repair manual, mallit 1963-83<\/p>\n\n\n\n<p><strong>BRAKES<\/strong><br>Mallit, huolto, halkaisukuvat yms.<\/p>\n\n\n\n<p><strong>CARBURAT\u00d6\u00d6R<\/strong><br>Mallit, huolto, halkaisukuvat, s\u00e4\u00e4t\u00f6<\/p>\n\n\n\n<p><strong>ELECTRICAL SYSTEM<\/strong><br>Apulaitteet, kytkenn\u00e4t, yms<br>Sytytys, ignizguzione<br>2CV &amp;\u00a0AZU\/AK\/ -62-81 kytkent\u00e4kaaviot<\/p>\n\n\n\n<p><strong>AXEL UND ELIN<\/strong><br>Etu ja taka-akselistot, perustiedot, huolto<\/p>\n\n\n\n<p><strong>SUPENSION ELI HENKSELIT<\/strong><br>Mittoi, huolto<\/p>\n\n\n\n<p><strong>COLOUR<\/strong><br>V\u00e4rikoodit 1<br>V\u00e4rikoodit 2<br>V\u00e4rit, suttuinen, mutta suuntaa-antavahko<\/p>\n\n\n\n<p><strong>N\u00c5GON ANNAT, MIXED, SIT\u00c4 SUN T\u00c4T\u00c4, SEKOLAZIONE<\/strong><br>Ty\u00f6kaljuja<br>Preparing 2CV for Raids<br>Tuulilasinpyyhkij\u00f6iden kytkis<br>2 akkukytkent\u00e4<br>TM Ruosteenestot\u00f6k\u00f6ttien vertailu<br>2CV -79 Parts list<br>AZU -62 k\u00e4ytt\u00e4j\u00e4n k\u00e4sikirja<br>Elektroninen latausss\u00e4\u00e4din\u00a0<br>Valotehoa releill\u00e4<\/p>\n\n\n\n<p><strong>AMI<\/strong><br>AMI8 varaosakirja (400 sivua \/ 110mt)<\/p>\n\n\n\n<p><strong>CITROEN D -SERIES (ID, DS)<\/strong><br>Korjausk\u00e4sikirja Citroen DS 1970<br>Korpivaaran huoltotiedotteet + r\u00e4j\u00e4ytyskuvat ID &amp; DS<br>Citroen ID &amp; DS19, takap\u00e4\u00e4n maavaran s\u00e4\u00e4t\u00f6<br>ID19-DS19 BODY REPAIR MANUAL\u00a0<br>DS19 SPARE PARTS CATALOG\u00a0<br>DS19 REPAIR MANUAL<br>D\u00a0-series rustproofing with oil<br>D-series rustproofing (the easy way) * Hyv\u00e4-Good-Bra!<br>ID:n &amp; DS:n ohjaustehostimen asennus- &amp; huolto-opas (Erkki Olli)<br>D-series leaking roof -repairing<br>MODELES D, Spareparts 1966-1969 No. 562 Tome 1<br>MODELES D, Spareparts 1966-1969 No. 562 Tome 2<br>D-series, hydraulic pump overhaul<br>D-series, hydraulic pump cover extractor tool<\/p>\n","protected":false},"excerpt":{"rendered":"<p>Netist\u00e4 l\u00f6ydetty\u00e4 ja skannerin sylkem\u00e4\u00e4. Osa l\u00f6ytynyt linkkisivuston kautta, osa ties mist\u00e4.Kiitokset kuuluu\u00a0kaikille dokujen tekij\u00f6ille, jakajille &amp; ker\u00e4\u00e4jille mm.\u00a0Catsille, 2CV Stuffille jne. Maa vaan diilaan! OBS! Materiaalit siirretty toisaalle, tiedustelut toppok\u00c4Thulifer.net. CITROEN 2C &amp; Derivates ENGINEMallit, halkaiskuvat, technisshe scheisseHuolto, overhaul, rebuild GEARBOX, CLUTCH\u00a0&amp; TRANSVESTITMallit, halkaisukuvat, technisssssshe scheisseHuolto, overhaul MODELSVAN -modelsAMI -models2CV -modelsDyane -modelsVisa, LN -divers <a href=\"https:\/\/www.hulifer.net\/paku\/blogi\/?page_id=37\" class=\"more-link\">...jatka lukemista<span class=\"screen-reader-text\"> \"Manuals\"<\/span><\/a><\/p>\n","protected":false},"author":2,"featured_media":0,"parent":0,"menu_order":0,"comment_status":"open","ping_status":"open","template":"","meta":{"footnotes":""},"_links":{"self":[{"href":"https:\/\/www.hulifer.net\/paku\/blogi\/index.php?rest_route=\/wp\/v2\/pages\/37"}],"collection":[{"href":"https:\/\/www.hulifer.net\/paku\/blogi\/index.php?rest_route=\/wp\/v2\/pages"}],"about":[{"href":"https:\/\/www.hulifer.net\/paku\/blogi\/index.php?rest_route=\/wp\/v2\/types\/page"}],"author":[{"embeddable":true,"href":"https:\/\/www.hulifer.net\/paku\/blogi\/index.php?rest_route=\/wp\/v2\/users\/2"}],"replies":[{"embeddable":true,"href":"https:\/\/www.hulifer.net\/paku\/blogi\/index.php?rest_route=%2Fwp%2Fv2%2Fcomments&post=37"}],"version-history":[{"count":13,"href":"https:\/\/www.hulifer.net\/paku\/blogi\/index.php?rest_route=\/wp\/v2\/pages\/37\/revisions"}],"predecessor-version":[{"id":5553,"href":"https:\/\/www.hulifer.net\/paku\/blogi\/index.php?rest_route=\/wp\/v2\/pages\/37\/revisions\/5553"}],"wp:attachment":[{"href":"https:\/\/www.hulifer.net\/paku\/blogi\/index.php?rest_route=%2Fwp%2Fv2%2Fmedia&parent=37"}],"curies":[{"name":"wp","href":"https:\/\/api.w.org\/{rel}","templated":true}]}}