{"id":7,"date":"2008-01-03T14:58:25","date_gmt":"2008-01-03T12:58:25","guid":{"rendered":"http:\/\/www.hulifer.net\/paku\/blogi\/?page_id=7"},"modified":"2022-04-25T21:44:32","modified_gmt":"2022-04-25T19:44:32","slug":"kuvai","status":"publish","type":"page","link":"https:\/\/www.hulifer.net\/paku\/blogi\/?page_id=7","title":{"rendered":"Kuvai"},"content":{"rendered":"<p><strong>2004-2005<\/strong><strong><br \/>\n<\/strong>1. <a href=\"http:\/\/www.hulifer.net\/paku\/kuvat\/kuvat2004-2005\/kuvat.html\" target=\"_blank\" rel=\"noopener\">AZU -kuvakavalkaadi 2004-2005<\/a><br \/>\n<strong><strong><br \/>\n2006<\/strong> <\/strong><strong><br \/>\n<\/strong>2. <a href=\"http:\/\/www.hulifer.net\/paku\/kuvat\/Nutikka\/Nutikka.html\" target=\"_blank\" rel=\"noopener\">Nutikka -projekti 2006<\/a><br \/>\n3. <a href=\"http:\/\/www.hulifer.net\/joensuu\/JaoksenHuoltopaiva220406\/JaoksenHuoltopaiva220406.html\" target=\"_blank\" rel=\"noopener\">Joensuun veikkojen huoltop\u00e4iv\u00e4 22.4.2006<\/a><br \/>\n4. <a href=\"http:\/\/www.hulifer.net\/joensuu\/Jaoksen_katsastuskarnevaalit_2006\/Jaoksen_katsastuskarnevaalit_2006.html\" target=\"_blank\" rel=\"noopener\">Joensuun p\u00f6hk\u00f6jen katsastuskarnevaalit 29.4.2006<\/a><br \/>\n5. <a href=\"http:\/\/www.hulifer.net\/joensuu\/JaoksenVappuhulinat2006\/JaoksenVappuhulinat2006.html\" target=\"_blank\" rel=\"noopener\">Joensuun vappuhulinoita 2006<\/a><br \/>\n6. <a href=\"http:\/\/www.hulifer.net\/joensuu\/Jaoksen_kevatretki_2006\/Jaoksen_kevatretki_2006.html\" target=\"_blank\" rel=\"noopener\">Joensuun kahjot kev\u00e4tretkell\u00e4 2006<\/a><br \/>\n7. <a href=\"http:\/\/www.hulifer.net\/joensuu\/Joensuun_pohkot_Hellussa_06\/Joensuun_pohkot_Hellussa_06.html\" target=\"_blank\" rel=\"noopener\">Joensuun h\u00f6per\u00f6t Hellurallissa 2006<\/a><br \/>\n8. <a href=\"http:\/\/www.hulifer.net\/joensuu\/Joensuun_Pohkot_PenaSTssa_2006\/Joensuun_Pohkot_PenaSTssa_2006.html\" target=\"_blank\" rel=\"noopener\">Joensuun edustajat Pena St:ss\u00e4 2006<\/a><br \/>\n9 . <a href=\"http:\/\/www.hulifer.net\/paku\/Ranska_Salbris_2006\/Ranska_Salbris_2006.html\" target=\"_blank\" rel=\"noopener\">Ranskan kansallinen 2CV -kokous Salbris 2006<\/a><br \/>\n10. <a href=\"http:\/\/www.hulifer.net\/joensuu\/Karjalan_Koukerot_2006\/Karjalan_Koukerot_2006.html\" target=\"_blank\" rel=\"noopener\">Karjalan Koukerot 2006<\/a><br \/>\n11. <a href=\"http:\/\/www.hulifer.net\/paku\/wanhustenwaellus2006\/wanhustenwaellus2006kuvat\/wanhustenwaellus2006kuvat.html\" target=\"_blank\" rel=\"noopener\">Wanhojen waunujen waellus 2006 <\/a><br \/>\n<span style=\"font-family: Arial,Helvetica,sans-serif;\">12. <a href=\"http:\/\/www.hulifer.net\/joensuu\/satkabluus06\/satkabluus06.html\" target=\"_blank\" rel=\"noopener\">S\u00e4tk\u00e4blues 2006<\/a><br \/>\n13. <a href=\"http:\/\/www.hulifer.net\/joensuu\/JoensuunKovakatotKujjeiluissa2006\/JoensuunKovakatotKujjeiluissa2006.html\" target=\"_blank\" rel=\"noopener\">Joensuun kovakatot Kuopion Kujjeiluissa 2006<\/a><br \/>\n14. <a href=\"http:\/\/www.hulifer.net\/paku\/kuvat\/Paku2006\/Paku2006.html\" target=\"_blank\" rel=\"noopener\">AZU -kuvakavalkaadi 2006<\/a><\/span><br \/>\n<strong><span style=\"font-family: Arial,Helvetica,sans-serif;\"><span style=\"font-family: Arial,Helvetica,sans-serif;\"><strong><br \/>\n2007<\/strong><\/span><\/span><span style=\"font-family: Arial,Helvetica,sans-serif;\"><span style=\"font-family: Arial,Helvetica,sans-serif;\"><br \/>\n<\/span><\/span><\/strong><span style=\"font-family: Arial,Helvetica,sans-serif;\"><span style=\"font-family: Arial,Helvetica,sans-serif;\">15. <a href=\"http:\/\/www.hulifer.net\/paku\/kuvat\/AZUn_katto_07\/AZUn_katto_07.html\" target=\"_blank\" rel=\"noopener\">AZU:n ohjaamon katto 4-5\/2007<\/a><br \/>\n16. <a href=\"http:\/\/www.hulifer.net\/paku\/kuvat\/AZUn_kone_07\/AZUn_kone_07.html\" target=\"_blank\" rel=\"noopener\">AZU:n koneenvaihto 6\/2007<br \/>\n<\/a>17. <a href=\"http:\/\/www.hulifer.net\/paku\/kuvat\/AZU-2007\/\" target=\"_blank\" rel=\"noopener\">AZU -kuvakavalkaadi 2007<br \/>\n<\/a>18. <a href=\"http:\/\/www.hulifer.net\/joensuu\/Borlange_07\/Sivu4.html\" target=\"_blank\" rel=\"noopener\">2CV WM @ Borl\u00e4nge Ruottis<\/a> <\/span><\/span><\/p>\n<p><strong>2008<br \/>\n<\/strong><a href=\"http:\/\/www.hulifer.net\/paku\/Ohjaus012008\" target=\"_blank\" rel=\"noopener\">1. Ohjausremontti 17.-24.1.2008<\/a><br \/>\n<a href=\"http:\/\/www.hulifer.net\/paku\/RaidVehu08\/index.html\" target=\"_blank\" rel=\"noopener\">2. Raid Vehu 1.-3.2.08<\/a><br \/>\n<a href=\"http:\/\/www.hulifer.net\/paku\/Eldoraato-61\/index.html\" target=\"_blank\" rel=\"noopener\">3. Eldoraato 2.3.2008<\/a><br \/>\n<a href=\"http:\/\/www.hulifer.net\/paku\/Elto-osaretki_150308\/index.html\" target=\"_blank\" rel=\"noopener\">4. Eldoraato osienhakuretki 15.3.2008<\/a><br \/>\n<a href=\"http:\/\/www.hulifer.net\/paku\/Eldokorinhaku08\/index.html\" target=\"_blank\" rel=\"noopener\">5. Eldoraato korinhaku 15.7.2008<\/a><br \/>\n<a href=\"http:\/\/www.hulifer.net\/paku\/Eldo_160708\/index.html\" target=\"_blank\" rel=\"noopener\">6. Eldoraato perkailua 16.7.2008<\/a><br \/>\n<a href=\"http:\/\/www.hulifer.net\/paku\/Eldo210708\/index.html\" target=\"_blank\" rel=\"noopener\">7. Eldoraato 21.7.2008<\/a><br \/>\n<a href=\"http:\/\/www.hulifer.net\/paku\/Eltopohja080908\/index.html\" target=\"_blank\" rel=\"noopener\">8. Eldoraaton pohjan ehj\u00e4ily\u00e4 8.9.2008<\/a><br \/>\n<a href=\"http:\/\/www.hulifer.net\/paku\/Paku2008\/index.html\" target=\"_blank\" rel=\"noopener\">9. AZU -kuvakavalkaadi 2008<\/a><br \/>\n<a href=\"http:\/\/www.hulifer.net\/paku\/UBN2006-2008\/index.html\" target=\"_blank\" rel=\"noopener\">10. Punikki -kuvakavalkaadi 2006-2008<\/a><\/p>\n<p><strong>2009<\/strong><br \/>\n<a href=\"http:\/\/www.hulifer.net\/paku\/Eldo_170509\/index.html\" target=\"_blank\" rel=\"noopener\">1. Eldoraato 17.5.2009<\/a><br \/>\n<a href=\"http:\/\/www.hulifer.net\/paku\/Eldo250509\/index.html\" target=\"_blank\" rel=\"noopener\">2. Eldoraato 25.5.2009<\/a><br \/>\n<a href=\"http:\/\/www.hulifer.net\/paku\/Eldoraato290509\/index.html\" target=\"_blank\" rel=\"noopener\">3. Eldoraato 29.5.2009<\/a><br \/>\n<a href=\"http:\/\/www.hulifer.net\/paku\/Eldo_110609\/index.html\" target=\"_blank\" rel=\"noopener\">4. Eldoraato 11.6.2009<\/a><br \/>\n<a href=\"http:\/\/www.hulifer.net\/paku\/Eldo_130609\/index.html\" target=\"_blank\" rel=\"noopener\">5. Eldoraato 13.6.2009 <\/a><br \/>\n<a href=\"http:\/\/www.hulifer.net\/paku\/Eldo_140609\/index.html\" target=\"_blank\" rel=\"noopener\">6. Eldoraato 14.6.2009<\/a><br \/>\n<a href=\"http:\/\/www.hulifer.net\/paku\/Eldoraato_Koukeroissa2009\/index.html\" target=\"_blank\" rel=\"noopener\">7. Eldoraato Karjalan Koukeroissa 2009<\/a><br \/>\n<a href=\"http:\/\/www.hulifer.net\/paku\/Heinemanni2009\/index.html\" target=\"_blank\" rel=\"noopener\">8. Heinemanni Projekti 2009<\/a><br \/>\n<a href=\"http:\/\/www.hulifer.net\/joensuu\/MOST2009-TOP\/index.html\" target=\"_blank\" rel=\"noopener\">9. 2CV Maailmankokous Most CZ 2009<\/a><br \/>\n<a href=\"http:\/\/www.hulifer.net\/joensuu\/Ruskaretki_03109\/\" target=\"_blank\" rel=\"noopener\">10. Joensuun jaoksen Ruskaretki Kolille 3.10.2009<\/a><br \/>\n<a href=\"http:\/\/www.hulifer.net\/paku\/Eldo_071109\/\" target=\"_blank\" rel=\"noopener\">11. Eldoraaton uusi Sahara -puskuri 7.11.2009<\/a><br \/>\n<a href=\"http:\/\/www.hulifer.net\/paku\/Eldoraato_041209\/index.html\" target=\"_blank\" rel=\"noopener\">12. Eldoraaton jousitusremppaa 4.12.2009<\/a><\/p>\n<p><strong>2010<\/strong><br \/>\n<a href=\"http:\/\/www.hulifer.net\/paku\/Eldoraato_2010\/index.html\" target=\"_blank\" rel=\"noopener\">13. Eldoraato kuvat 2010<\/a><br \/>\n14. Jaoksen Maalisretki Kolin j\u00e4\u00e4tielle 6.3.2010, <a href=\"http:\/\/www.hulifer.net\/joensuu\/JaosKoli06032010\/\" target=\"_blank\" rel=\"noopener\">Kamera 1<\/a>, <a href=\"http:\/\/www.hulifer.net\/joensuu\/Jaos_maalisretki_060310-jimi\/index.html\" target=\"_blank\" rel=\"noopener\">Kamera 2<\/a><br \/>\n15. Jaoksen kev\u00e4thuoltop\u00e4iv\u00e4 10.4.2010, <a href=\"http:\/\/www.hulifer.net\/joensuu\/Kevathuolto2010\/index.html\" target=\"_blank\" rel=\"noopener\">Kamera 1,<\/a> <a href=\"http:\/\/www.hulifer.net\/joensuu\/Kevathuolto2010-jimi\/index.html\" target=\"_blank\" rel=\"noopener\">Kamera 2<\/a><br \/>\n16. Jaoksen Katsastuskarnevaalit 23.4.2010 <a href=\"http:\/\/www.hulifer.net\/joensuu\/Jaos-katsastuskarnevaalit-2010\/index.html\" target=\"_blank\" rel=\"noopener\">Kamera 1<\/a>, <a href=\"http:\/\/www.hulifer.net\/joensuu\/Jaos-katsastukarnevaalit-2010-jalpo\/index.html\" target=\"_blank\" rel=\"noopener\">Kamera 2<\/a><br \/>\n17. Jaoksen Vappuajelu 2010, <a href=\"http:\/\/www.hulifer.net\/joensuu\/Jaos_Vappu-2010_ST\/index.html\" target=\"_blank\" rel=\"noopener\">Kamera 1<\/a>, <a href=\"http:\/\/www.hulifer.net\/joensuu\/Jaos-vappu-2010-jimi\/index.html\" target=\"_blank\" rel=\"noopener\">Kamera 2<\/a><br \/>\n18. Jaoksen kev\u00e4tretki Savonlinnaan 8.5.2010 <a href=\"http:\/\/www.hulifer.net\/joensuu\/Jaoskevatretki2010\/index.html\" target=\"_blank\" rel=\"noopener\">Kamera 1<\/a>, <a href=\"http:\/\/www.hulifer.net\/joensuu\/Jaos-kevatretki-2010-jimi\/index.html\" target=\"_blank\" rel=\"noopener\">Kamera 2<\/a><br \/>\n19. <a href=\"http:\/\/www.hulifer.net\/joensuu\/Helluralli2010\/index.html\" target=\"_blank\" rel=\"noopener\">Helluralli 2010<\/a><br \/>\n20. Karjalan Koukerot 2.-4.7.2010 <a href=\"http:\/\/www.hulifer.net\/joensuu\/Koukerot2010-JKSM\/index.html\" target=\"_blank\" rel=\"noopener\">Kamera 1<\/a><br \/>\n21. <a href=\"http:\/\/www.hulifer.net\/joensuu\/Jaos_elokuunhuoltopv_2010\/index.html\" target=\"_blank\" rel=\"noopener\">Jaoksen syyshuoltop\u00e4iv\u00e4 21.8.2010<\/a><br \/>\n22. <a href=\"http:\/\/www.hulifer.net\/joensuu\/Kesakaudenpaattajaiset2010\/index.html\" target=\"_blank\" rel=\"noopener\">Jaoksen Kes\u00e4kauden p\u00e4\u00e4tt\u00e4j\u00e4iset 25.9.2010<\/a><\/p>\n<p><strong>2011<\/strong><br \/>\n23. <a href=\"http:\/\/www.hulifer.net\/joensuu\/JaosKatsastus2011\/index.html\" target=\"_blank\" rel=\"noopener\">Joensuun jaoksen Katsastuskarnevaalit<\/a><br \/>\n24. \u00a0<a href=\"http:\/\/www.hulifer.net\/joensuu\/Vappuajelu2011\/index.html\" target=\"_blank\" rel=\"noopener\">Joensuun jaoksen Vappuajelu 2011<\/a><br \/>\n25. <a href=\"http:\/\/www.hulifer.net\/joensuu\/JaosKevatretkiOku2011\/index.html\" target=\"_blank\" rel=\"noopener\"> Joensuun jaoksen Kev\u00e4tretki Outokumpuun 21.5.2011<\/a><br \/>\n26. <a href=\"http:\/\/www.hulifer.net\/joensuu\/KOUKEROT2011-1\/index.html\" target=\"_blank\" rel=\"noopener\">Karjalan Koukerot 1.-3.7.2011 Kamera 1<\/a>, <a href=\"http:\/\/www.hulifer.net\/joensuu\/Koukerot2011-2\/index.html\" target=\"_blank\" rel=\"noopener\">Kamera 2<\/a><br \/>\n27. <a href=\"http:\/\/www.hulifer.net\/joensuu\/KuopionKujjeilut2011\/index.html\" target=\"_blank\" rel=\"noopener\">Kuopion Kujjeilut 19.-21.8.2011 Kamera1<\/a><br \/>\n28. <a href=\"http:\/\/www.hulifer.net\/joensuu\/JAOSSYYSHUOLTO2011\" target=\"_blank\" rel=\"noopener\">Joensuun jaoksen Syyshuoltop\u00e4iv\u00e4 10.9.2011<\/a><\/p>\n<p><strong>2012<\/strong><br \/>\n29. <a href=\"http:\/\/http:\/\/www.hulifer.net\/joensuu\/JAOKSENVAPPUAJELU2012\/\" target=\"_blank\" rel=\"noopener\">Joensuun jaoksen Vappuajelu 2012 <\/a><br \/>\n30. <a href=\"http:\/\/www.hulifer.net\/joensuu\/JAOSKEVATRETKI2012\/index.html\" target=\"_blank\" rel=\"noopener\">Joensuun Jaoksen kev\u00e4tretki Kuopion suunnalle 19.5.2012<\/a><br \/>\n31. <a href=\"http:\/\/www.hulifer.net\/paku\/PAKUPINTAREMPPA2012\" target=\"_blank\" rel=\"noopener\">AZU:n pintaremontti toukokuu 2012<\/a><br \/>\n32. <a href=\"http:\/\/www.hulifer.net\/paku\/AZU1962\/\" target=\"_blank\" rel=\"noopener\">AZU huollettuna ja fixattuna toukokuussa 2012 <\/a><br \/>\n33. S\u00e4tk\u00e4l\u00e4n S\u00e4pin\u00e4t, eli Suomen 2CV Kilta 50<br \/>\n34. <a href=\"http:\/\/www.hulifer.net\/paku\/PAKUNLAHTO_07082012\/\" target=\"_blank\" rel=\"noopener\">Bye bye AZU 7.8.2012<\/a><br \/>\n35. <a href=\"http:\/\/www.hulifer.net\/paku\/ELDORAATO-12082012\/\" target=\"_blank\" rel=\"noopener\">Eldoraato 12.8.2012<\/a><br \/>\n36. <a href=\"http:\/\/www.hulifer.net\/joensuu\/JAOKSENAKKILAHTO5-12082012\/index.html\" target=\"_blank\" rel=\"noopener\">Nurmeksen Harrasteauto ja rompep\u00e4iv\u00e4t 12.8.2012<\/a><\/p>\n<p><strong>2014<\/strong><br \/>\n37. <a href=\"http:\/\/www.hulifer.net\/joensuu\/Vappuajelu2014\/index.html\" target=\"_blank\" rel=\"noopener\">Joensuun jaoksen Vappuajelu<br \/>\n<\/a>38. <a href=\"http:\/\/www.hulifer.net\/paku\/VARA-AMI_07062014\/index.html\" target=\"_blank\" rel=\"noopener\">Varaosa AMI8:n haku Lappeenrandasta<\/a><br \/>\n39. <a href=\"http:\/\/www.hulifer.net\/joensuu\/Jaoksen_huoltopaiva_09082014\/index.html\" target=\"_blank\" rel=\"noopener\">Joensuun jaoksen huoltop\u00e4iv\u00e4 9.8.2014<\/a> <em>(kuvat Jimi Alppimaa)<br \/>\n<\/em>40. <a href=\"http:\/\/www.hulifer.net\/paku\/blogi\/?p=1834\">Citroen ID:n myyntikuvat 16.8.2014 (Nettiauto)<\/a><\/p>\n<p><strong>2015<\/strong><br \/>\n41. <a href=\"http:\/\/www.hulifer.net\/paku\/blogi\/?p=1769\">Keltuainen 2.1.-14.3.2015<\/a><br \/>\n42.\u00a0<a href=\"http:\/\/www.hulifer.net\/paku\/blogi\/?p=1706\" target=\"_blank\" rel=\"noopener\">ID:n verhoiluiden purkua 7.4.2015<br \/>\n<\/a>43. <a href=\"http:\/\/www.hulifer.net\/paku\/blogi\/?p=1724\">ID:n lattioiden putsailua 8.4.2015<\/a><br \/>\n43.<a href=\"http:\/\/www.hulifer.net\/paku\/blogi\/?p=1933\" target=\"_blank\" rel=\"noopener\"> ID:n ohjaustehostimen irroitus 11.5.2015<\/a><\/p>\n<p><strong>2021 KUPLA<br \/>\n<\/strong><a href=\"http:\/\/www.hulifer.net\/paku\/blogi\/?gallery=kupla-toukokuu-2021\">Toukokuu 2021<\/a><br \/>\n<a href=\"http:\/\/www.hulifer.net\/paku\/blogi\/?gallery=4486-2\">Kes\u00e4kuu 2021<\/a><br \/>\n<a href=\"http:\/\/www.hulifer.net\/paku\/blogi\/?gallery=kupla-heinakuu-2021\">Hein\u00e4kuu 2021<\/a><br \/>\n<a href=\"http:\/\/www.hulifer.net\/paku\/blogi\/?gallery=4486-2\">Elokuu 2021<\/a><br \/>\n<a href=\"http:\/\/www.hulifer.net\/paku\/blogi\/?gallery=kupla-talvi-2021-2022\">Talvi 2021-2022<\/a><\/p>\n","protected":false},"excerpt":{"rendered":"<p>2004-2005 1. AZU -kuvakavalkaadi 2004-2005 2006 2. Nutikka -projekti 2006 3. Joensuun veikkojen huoltop\u00e4iv\u00e4 22.4.2006 4. Joensuun p\u00f6hk\u00f6jen katsastuskarnevaalit 29.4.2006 5. Joensuun vappuhulinoita 2006 6. Joensuun kahjot kev\u00e4tretkell\u00e4 2006 7. Joensuun h\u00f6per\u00f6t Hellurallissa 2006 8. Joensuun edustajat Pena St:ss\u00e4 2006 9 . Ranskan kansallinen 2CV -kokous Salbris 2006 10. Karjalan Koukerot 2006 11. Wanhojen waunujen <a href=\"https:\/\/www.hulifer.net\/paku\/blogi\/?page_id=7\" class=\"more-link\">...jatka lukemista<span class=\"screen-reader-text\"> \"Kuvai\"<\/span><\/a><\/p>\n","protected":false},"author":1,"featured_media":0,"parent":0,"menu_order":0,"comment_status":"open","ping_status":"open","template":"","meta":{"footnotes":""},"_links":{"self":[{"href":"https:\/\/www.hulifer.net\/paku\/blogi\/index.php?rest_route=\/wp\/v2\/pages\/7"}],"collection":[{"href":"https:\/\/www.hulifer.net\/paku\/blogi\/index.php?rest_route=\/wp\/v2\/pages"}],"about":[{"href":"https:\/\/www.hulifer.net\/paku\/blogi\/index.php?rest_route=\/wp\/v2\/types\/page"}],"author":[{"embeddable":true,"href":"https:\/\/www.hulifer.net\/paku\/blogi\/index.php?rest_route=\/wp\/v2\/users\/1"}],"replies":[{"embeddable":true,"href":"https:\/\/www.hulifer.net\/paku\/blogi\/index.php?rest_route=%2Fwp%2Fv2%2Fcomments&post=7"}],"version-history":[{"count":13,"href":"https:\/\/www.hulifer.net\/paku\/blogi\/index.php?rest_route=\/wp\/v2\/pages\/7\/revisions"}],"predecessor-version":[{"id":4516,"href":"https:\/\/www.hulifer.net\/paku\/blogi\/index.php?rest_route=\/wp\/v2\/pages\/7\/revisions\/4516"}],"wp:attachment":[{"href":"https:\/\/www.hulifer.net\/paku\/blogi\/index.php?rest_route=%2Fwp%2Fv2%2Fmedia&parent=7"}],"curies":[{"name":"wp","href":"https:\/\/api.w.org\/{rel}","templated":true}]}}