{"id":9,"date":"2008-01-03T22:11:29","date_gmt":"2008-01-03T20:11:29","guid":{"rendered":"http:\/\/www.hulifer.net\/paku\/blogi\/?page_id=9"},"modified":"2008-01-05T18:52:55","modified_gmt":"2008-01-05T16:52:55","slug":"diary-2004-2007","status":"publish","type":"page","link":"https:\/\/www.hulifer.net\/paku\/blogi\/?page_id=9","title":{"rendered":"2004-2007"},"content":{"rendered":"<p><strong>Diary of an Azuman :<\/strong><br \/>\nAZU:n historiikki vuosilta 2004-2007.<br \/>\nRemonttip\u00e4iv\u00e4kirja, reissup\u00e4iv\u00e4kirjaa yms...<br \/>\nTietoja ei en\u00e4\u00e4 p\u00e4ivitet\u00e4.<br \/>\nPaljon kuvatuksia ja kiroilua.<\/p>\n<p><a href=\"http:\/\/www.hulifer.net\/paku\/Diary\" target=\"_blank\">T\u00e4\u00e4ll\u00e4.<\/a><\/p>\n<p><strong>Wanha sivusto :<br \/>\n<\/strong>Cutenewsill\u00e4 rakennettu entinen ryt\u00f6, josta saattaa viel\u00e4 l\u00f6yty\u00e4 jotain mielenkiintoistakin.<\/p>\n<p><a href=\"http:\/\/www.hulifer.net\/paku\/index-old.php\" target=\"_blank\">http:\/\/www.hulifer.net\/paku\/index-old.php<\/a><\/p>\n","protected":false},"excerpt":{"rendered":"<p>Diary of an Azuman : AZU:n historiikki vuosilta 2004-2007. Remonttip\u00e4iv\u00e4kirja, reissup\u00e4iv\u00e4kirjaa yms... Tietoja ei en\u00e4\u00e4 p\u00e4ivitet\u00e4. Paljon kuvatuksia ja kiroilua. T\u00e4\u00e4ll\u00e4. Wanha sivusto : Cutenewsill\u00e4 rakennettu entinen ryt\u00f6, josta saattaa viel\u00e4 l\u00f6yty\u00e4 jotain mielenkiintoistakin. http:\/\/www.hulifer.net\/paku\/index-old.php<\/p>\n","protected":false},"author":1,"featured_media":0,"parent":0,"menu_order":0,"comment_status":"open","ping_status":"open","template":"","meta":{"footnotes":""},"_links":{"self":[{"href":"https:\/\/www.hulifer.net\/paku\/blogi\/index.php?rest_route=\/wp\/v2\/pages\/9"}],"collection":[{"href":"https:\/\/www.hulifer.net\/paku\/blogi\/index.php?rest_route=\/wp\/v2\/pages"}],"about":[{"href":"https:\/\/www.hulifer.net\/paku\/blogi\/index.php?rest_route=\/wp\/v2\/types\/page"}],"author":[{"embeddable":true,"href":"https:\/\/www.hulifer.net\/paku\/blogi\/index.php?rest_route=\/wp\/v2\/users\/1"}],"replies":[{"embeddable":true,"href":"https:\/\/www.hulifer.net\/paku\/blogi\/index.php?rest_route=%2Fwp%2Fv2%2Fcomments&post=9"}],"version-history":[{"count":0,"href":"https:\/\/www.hulifer.net\/paku\/blogi\/index.php?rest_route=\/wp\/v2\/pages\/9\/revisions"}],"wp:attachment":[{"href":"https:\/\/www.hulifer.net\/paku\/blogi\/index.php?rest_route=%2Fwp%2Fv2%2Fmedia&parent=9"}],"curies":[{"name":"wp","href":"https:\/\/api.w.org\/{rel}","templated":true}]}}